{"id":305,"date":"2023-05-10T16:47:55","date_gmt":"2023-05-10T14:47:55","guid":{"rendered":"https:\/\/bfavre.eleves.mediamatique.ch\/TPI\/?page_id=305"},"modified":"2023-05-15T15:26:47","modified_gmt":"2023-05-15T13:26:47","slug":"actualites","status":"publish","type":"page","link":"https:\/\/bfavre.eleves.mediamatique.ch\/TPI\/actualites\/","title":{"rendered":"Actualit\u00e9s"},"content":{"rendered":"\t\t<div data-elementor-type=\"wp-page\" data-elementor-id=\"305\" class=\"elementor elementor-305\">\n\t\t\t\t\t\t\t\t\t<section class=\"elementor-section elementor-top-section elementor-element elementor-element-c24b333 elementor-section-boxed elementor-section-height-default elementor-section-height-default\" data-id=\"c24b333\" data-element_type=\"section\">\n\t\t\t\t\t\t<div class=\"elementor-container elementor-column-gap-default\">\n\t\t\t\t\t<div class=\"elementor-column elementor-col-100 elementor-top-column elementor-element elementor-element-8e0d6d2\" data-id=\"8e0d6d2\" data-element_type=\"column\">\n\t\t\t<div class=\"elementor-widget-wrap elementor-element-populated\">\n\t\t\t\t\t\t\t\t<div class=\"elementor-element elementor-element-9543095 elementor-widget elementor-widget-heading\" data-id=\"9543095\" data-element_type=\"widget\" data-widget_type=\"heading.default\">\n\t\t\t\t<div class=\"elementor-widget-container\">\n\t\t\t<style>\/*! elementor - v3.13.2 - 11-05-2023 *\/\n.elementor-heading-title{padding:0;margin:0;line-height:1}.elementor-widget-heading .elementor-heading-title[class*=elementor-size-]>a{color:inherit;font-size:inherit;line-height:inherit}.elementor-widget-heading .elementor-heading-title.elementor-size-small{font-size:15px}.elementor-widget-heading .elementor-heading-title.elementor-size-medium{font-size:19px}.elementor-widget-heading .elementor-heading-title.elementor-size-large{font-size:29px}.elementor-widget-heading .elementor-heading-title.elementor-size-xl{font-size:39px}.elementor-widget-heading .elementor-heading-title.elementor-size-xxl{font-size:59px}<\/style><h2 class=\"elementor-heading-title elementor-size-default\">ACTUALIT\u00c9S<\/h2>\t\t<\/div>\n\t\t\t\t<\/div>\n\t\t\t\t\t<\/div>\n\t\t<\/div>\n\t\t\t\t\t\t\t<\/div>\n\t\t<\/section>\n\t\t\t\t<section class=\"elementor-section elementor-top-section elementor-element elementor-element-553d9e7 elementor-section-boxed elementor-section-height-default elementor-section-height-default\" data-id=\"553d9e7\" data-element_type=\"section\">\n\t\t\t\t\t\t<div class=\"elementor-container elementor-column-gap-default\">\n\t\t\t\t\t<div class=\"elementor-column elementor-col-100 elementor-top-column elementor-element elementor-element-1145158\" data-id=\"1145158\" data-element_type=\"column\">\n\t\t\t<div class=\"elementor-widget-wrap elementor-element-populated\">\n\t\t\t\t\t\t\t\t<div class=\"elementor-element elementor-element-5a68d74 elementor-posts--align-center elementor-grid-3 elementor-grid-tablet-2 elementor-grid-mobile-1 elementor-posts--thumbnail-top elementor-card-shadow-yes elementor-posts__hover-gradient elementor-widget elementor-widget-posts\" data-id=\"5a68d74\" data-element_type=\"widget\" data-settings=\"{&quot;pagination_type&quot;:&quot;numbers_and_prev_next&quot;,&quot;cards_masonry&quot;:&quot;yes&quot;,&quot;cards_columns&quot;:&quot;3&quot;,&quot;cards_columns_tablet&quot;:&quot;2&quot;,&quot;cards_columns_mobile&quot;:&quot;1&quot;,&quot;cards_row_gap&quot;:{&quot;unit&quot;:&quot;px&quot;,&quot;size&quot;:35,&quot;sizes&quot;:[]},&quot;cards_row_gap_tablet&quot;:{&quot;unit&quot;:&quot;px&quot;,&quot;size&quot;:&quot;&quot;,&quot;sizes&quot;:[]},&quot;cards_row_gap_mobile&quot;:{&quot;unit&quot;:&quot;px&quot;,&quot;size&quot;:&quot;&quot;,&quot;sizes&quot;:[]}}\" data-widget_type=\"posts.cards\">\n\t\t\t\t<div class=\"elementor-widget-container\">\n\t\t\t<link rel=\"stylesheet\" href=\"https:\/\/bfavre.eleves.mediamatique.ch\/TPI\/wp-content\/plugins\/elementor-pro\/assets\/css\/widget-posts.min.css\">\t\t<div class=\"elementor-posts-container elementor-posts elementor-posts--skin-cards elementor-grid\">\n\t\t\t\t<article class=\"elementor-post elementor-grid-item post-927 post type-post status-publish format-standard has-post-thumbnail hentry category-news-jeux-video\">\n\t\t\t<div class=\"elementor-post__card\">\n\t\t\t\t<a class=\"elementor-post__thumbnail__link\" href=\"https:\/\/bfavre.eleves.mediamatique.ch\/TPI\/2023\/05\/15\/le-nouveau-zelda-est-enfin-sorti-quen-est-il-du-speedrun-sur-le-dernier-bijou-de-nintendo\/\" ><div class=\"elementor-post__thumbnail\"><img loading=\"lazy\" decoding=\"async\" width=\"300\" height=\"150\" src=\"https:\/\/bfavre.eleves.mediamatique.ch\/TPI\/wp-content\/uploads\/2023\/05\/zelda-300x150.jpg\" class=\"attachment-medium size-medium wp-image-928\" alt=\"\" srcset=\"https:\/\/bfavre.eleves.mediamatique.ch\/TPI\/wp-content\/uploads\/2023\/05\/zelda-300x150.jpg 300w, https:\/\/bfavre.eleves.mediamatique.ch\/TPI\/wp-content\/uploads\/2023\/05\/zelda-1024x512.jpg 1024w, https:\/\/bfavre.eleves.mediamatique.ch\/TPI\/wp-content\/uploads\/2023\/05\/zelda-768x384.jpg 768w, https:\/\/bfavre.eleves.mediamatique.ch\/TPI\/wp-content\/uploads\/2023\/05\/zelda-1536x768.jpg 1536w, https:\/\/bfavre.eleves.mediamatique.ch\/TPI\/wp-content\/uploads\/2023\/05\/zelda.jpg 2000w\" sizes=\"auto, (max-width: 300px) 100vw, 300px\" \/><\/div><\/a>\n\t\t\t\t<div class=\"elementor-post__badge\">News jeux vid\u00e9o<\/div>\n\t\t\t\t<div class=\"elementor-post__text\">\n\t\t\t\t<h3 class=\"elementor-post__title\">\n\t\t\t<a href=\"https:\/\/bfavre.eleves.mediamatique.ch\/TPI\/2023\/05\/15\/le-nouveau-zelda-est-enfin-sorti-quen-est-il-du-speedrun-sur-le-dernier-bijou-de-nintendo\/\" >\n\t\t\t\tLe nouveau Zelda est enfin sorti, qu&#8217;en est-il du speedrun sur le dernier bijou de Nintendo ?\t\t\t<\/a>\n\t\t<\/h3>\n\t\t\t\t<div class=\"elementor-post__excerpt\">\n\t\t\t<p>Le nouveau Zelda est enfin sorti, et les fans du jeu se demandent d\u00e9j\u00e0 ce qu&#8217;il en est du speedrun sur ce dernier bijou de\t\t<\/div>\n\t\t\t\t<\/div>\n\t\t\t\t<div class=\"elementor-post__meta-data\">\n\t\t\t\t\t<span class=\"elementor-post-date\">\n\t\t\t15 mai 2023\t\t<\/span>\n\t\t\t\t<\/div>\n\t\t\t\t\t<\/div>\n\t\t<\/article>\n\t\t\t\t<article class=\"elementor-post elementor-grid-item post-923 post type-post status-publish format-standard has-post-thumbnail hentry category-analyse\">\n\t\t\t<div class=\"elementor-post__card\">\n\t\t\t\t<a class=\"elementor-post__thumbnail__link\" href=\"https:\/\/bfavre.eleves.mediamatique.ch\/TPI\/2023\/05\/15\/pourquoi-la-trackmania-cup-2023-sannonce-comme-le-meilleur-opus-a-ce-jour\/\" ><div class=\"elementor-post__thumbnail\"><img loading=\"lazy\" decoding=\"async\" width=\"300\" height=\"169\" src=\"https:\/\/bfavre.eleves.mediamatique.ch\/TPI\/wp-content\/uploads\/2023\/05\/tm-300x169.jpg\" class=\"attachment-medium size-medium wp-image-924\" alt=\"\" srcset=\"https:\/\/bfavre.eleves.mediamatique.ch\/TPI\/wp-content\/uploads\/2023\/05\/tm-300x169.jpg 300w, https:\/\/bfavre.eleves.mediamatique.ch\/TPI\/wp-content\/uploads\/2023\/05\/tm-1024x576.jpg 1024w, https:\/\/bfavre.eleves.mediamatique.ch\/TPI\/wp-content\/uploads\/2023\/05\/tm-768x432.jpg 768w, https:\/\/bfavre.eleves.mediamatique.ch\/TPI\/wp-content\/uploads\/2023\/05\/tm-1536x864.jpg 1536w, https:\/\/bfavre.eleves.mediamatique.ch\/TPI\/wp-content\/uploads\/2023\/05\/tm.jpg 1920w\" sizes=\"auto, (max-width: 300px) 100vw, 300px\" \/><\/div><\/a>\n\t\t\t\t<div class=\"elementor-post__badge\">Analyse<\/div>\n\t\t\t\t<div class=\"elementor-post__text\">\n\t\t\t\t<h3 class=\"elementor-post__title\">\n\t\t\t<a href=\"https:\/\/bfavre.eleves.mediamatique.ch\/TPI\/2023\/05\/15\/pourquoi-la-trackmania-cup-2023-sannonce-comme-le-meilleur-opus-a-ce-jour\/\" >\n\t\t\t\tPourquoi la Trackmania Cup 2023 s&#8217;annonce comme le meilleur opus \u00e0 ce jour\t\t\t<\/a>\n\t\t<\/h3>\n\t\t\t\t<div class=\"elementor-post__excerpt\">\n\t\t\t<p>La comp\u00e9tition tant attendue de Trackmania Cup 2023 promet d&#8217;\u00eatre la meilleure de son histoire, attirant les passionn\u00e9s du jeu du monde entier. Voici cinq\t\t<\/div>\n\t\t\t\t<\/div>\n\t\t\t\t<div class=\"elementor-post__meta-data\">\n\t\t\t\t\t<span class=\"elementor-post-date\">\n\t\t\t15 mai 2023\t\t<\/span>\n\t\t\t\t<\/div>\n\t\t\t\t\t<\/div>\n\t\t<\/article>\n\t\t\t\t<article class=\"elementor-post elementor-grid-item post-905 post type-post status-publish format-standard has-post-thumbnail hentry category-resultat\">\n\t\t\t<div class=\"elementor-post__card\">\n\t\t\t\t<a class=\"elementor-post__thumbnail__link\" href=\"https:\/\/bfavre.eleves.mediamatique.ch\/TPI\/2023\/05\/15\/elementor-905\/\" ><div class=\"elementor-post__thumbnail\"><img loading=\"lazy\" decoding=\"async\" width=\"300\" height=\"169\" src=\"https:\/\/bfavre.eleves.mediamatique.ch\/TPI\/wp-content\/uploads\/2023\/05\/lausanne-esport-300x169.jpg\" class=\"attachment-medium size-medium wp-image-701\" alt=\"\" srcset=\"https:\/\/bfavre.eleves.mediamatique.ch\/TPI\/wp-content\/uploads\/2023\/05\/lausanne-esport-300x169.jpg 300w, https:\/\/bfavre.eleves.mediamatique.ch\/TPI\/wp-content\/uploads\/2023\/05\/lausanne-esport-1024x577.jpg 1024w, https:\/\/bfavre.eleves.mediamatique.ch\/TPI\/wp-content\/uploads\/2023\/05\/lausanne-esport-768x433.jpg 768w, https:\/\/bfavre.eleves.mediamatique.ch\/TPI\/wp-content\/uploads\/2023\/05\/lausanne-esport.jpg 1500w\" sizes=\"auto, (max-width: 300px) 100vw, 300px\" \/><\/div><\/a>\n\t\t\t\t<div class=\"elementor-post__badge\">R\u00e9sultat<\/div>\n\t\t\t\t<div class=\"elementor-post__text\">\n\t\t\t\t<h3 class=\"elementor-post__title\">\n\t\t\t<a href=\"https:\/\/bfavre.eleves.mediamatique.ch\/TPI\/2023\/05\/15\/elementor-905\/\" >\n\t\t\t\tVictoire d\u00e9cisive contre Lausanne-Sport\t\t\t<\/a>\n\t\t<\/h3>\n\t\t\t\t<div class=\"elementor-post__excerpt\">\n\t\t\t<p>Dans une course \u00e9pique qui s&#8217;est d\u00e9roul\u00e9e sur le circuit Mario Kart, les Gentle Giants ont consolid\u00e9 leur place dans le top 3 du classement\t\t<\/div>\n\t\t\t\t<\/div>\n\t\t\t\t<div class=\"elementor-post__meta-data\">\n\t\t\t\t\t<span class=\"elementor-post-date\">\n\t\t\t15 mai 2023\t\t<\/span>\n\t\t\t\t<\/div>\n\t\t\t\t\t<\/div>\n\t\t<\/article>\n\t\t\t\t<article class=\"elementor-post elementor-grid-item post-226 post type-post status-publish format-standard has-post-thumbnail hentry category-resultat\">\n\t\t\t<div class=\"elementor-post__card\">\n\t\t\t\t<a class=\"elementor-post__thumbnail__link\" href=\"https:\/\/bfavre.eleves.mediamatique.ch\/TPI\/2023\/05\/10\/gentle-giants-triomphe-de-babos-gaming-sur-mario-kart-et-prend-la-tete-du-classement\/\" ><div class=\"elementor-post__thumbnail\"><img loading=\"lazy\" decoding=\"async\" width=\"300\" height=\"169\" src=\"https:\/\/bfavre.eleves.mediamatique.ch\/TPI\/wp-content\/uploads\/2023\/05\/mk8-300x169.jpg\" class=\"attachment-medium size-medium wp-image-235\" alt=\"\" srcset=\"https:\/\/bfavre.eleves.mediamatique.ch\/TPI\/wp-content\/uploads\/2023\/05\/mk8-300x169.jpg 300w, https:\/\/bfavre.eleves.mediamatique.ch\/TPI\/wp-content\/uploads\/2023\/05\/mk8-1024x576.jpg 1024w, https:\/\/bfavre.eleves.mediamatique.ch\/TPI\/wp-content\/uploads\/2023\/05\/mk8-768x432.jpg 768w, https:\/\/bfavre.eleves.mediamatique.ch\/TPI\/wp-content\/uploads\/2023\/05\/mk8-1536x864.jpg 1536w, https:\/\/bfavre.eleves.mediamatique.ch\/TPI\/wp-content\/uploads\/2023\/05\/mk8.jpg 1920w\" sizes=\"auto, (max-width: 300px) 100vw, 300px\" \/><\/div><\/a>\n\t\t\t\t<div class=\"elementor-post__badge\">R\u00e9sultat<\/div>\n\t\t\t\t<div class=\"elementor-post__text\">\n\t\t\t\t<h3 class=\"elementor-post__title\">\n\t\t\t<a href=\"https:\/\/bfavre.eleves.mediamatique.ch\/TPI\/2023\/05\/10\/gentle-giants-triomphe-de-babos-gaming-sur-mario-kart-et-prend-la-tete-du-classement\/\" >\n\t\t\t\tGentle Giants triomphe de Babos Gaming sur Mario Kart et prend la t\u00eate du classement\t\t\t<\/a>\n\t\t<\/h3>\n\t\t\t\t<div class=\"elementor-post__excerpt\">\n\t\t\t<p>Dans un match \u00e9pique qui a captiv\u00e9 la communaut\u00e9, Gentle Giants a remport\u00e9 une victoire \u00e9clatante face \u00e0 Babos Gaming. Les Gentle Giants ont prouv\u00e9\t\t<\/div>\n\t\t\t\t<\/div>\n\t\t\t\t<div class=\"elementor-post__meta-data\">\n\t\t\t\t\t<span class=\"elementor-post-date\">\n\t\t\t10 mai 2023\t\t<\/span>\n\t\t\t\t<\/div>\n\t\t\t\t\t<\/div>\n\t\t<\/article>\n\t\t\t\t<article class=\"elementor-post elementor-grid-item post-1 post type-post status-publish format-standard hentry category-non-classe\">\n\t\t\t<div class=\"elementor-post__card\">\n\t\t\t\t<div class=\"elementor-post__text\">\n\t\t\t\t<h3 class=\"elementor-post__title\">\n\t\t\t<a href=\"https:\/\/bfavre.eleves.mediamatique.ch\/TPI\/2023\/05\/08\/bonjour-tout-le-monde\/\" >\n\t\t\t\tBonjour tout le monde\u00a0!\t\t\t<\/a>\n\t\t<\/h3>\n\t\t\t\t<div class=\"elementor-post__excerpt\">\n\t\t\t<p>Bienvenue sur WordPress. Ceci est votre premier article. Modifiez-le ou supprimez-le, puis commencez \u00e0 \u00e9crire\u00a0!<\/p>\n\t\t<\/div>\n\t\t\t\t<\/div>\n\t\t\t\t<div class=\"elementor-post__meta-data\">\n\t\t\t\t\t<span class=\"elementor-post-date\">\n\t\t\t8 mai 2023\t\t<\/span>\n\t\t\t\t<\/div>\n\t\t\t\t\t<\/div>\n\t\t<\/article>\n\t\t\t\t<\/div>\n\t\t\n\t\t\t\t<\/div>\n\t\t\t\t<\/div>\n\t\t\t\t\t<\/div>\n\t\t<\/div>\n\t\t\t\t\t\t\t<\/div>\n\t\t<\/section>\n\t\t\t\t<section class=\"elementor-section elementor-top-section elementor-element elementor-element-405310f elementor-section-boxed elementor-section-height-default elementor-section-height-default\" data-id=\"405310f\" data-element_type=\"section\">\n\t\t\t\t\t\t<div class=\"elementor-container elementor-column-gap-default\">\n\t\t\t\t\t<div class=\"elementor-column elementor-col-100 elementor-top-column elementor-element elementor-element-203b6c7\" data-id=\"203b6c7\" data-element_type=\"column\">\n\t\t\t<div class=\"elementor-widget-wrap elementor-element-populated\">\n\t\t\t\t\t\t\t\t<div class=\"elementor-element elementor-element-8258ea7 elementor-widget elementor-widget-image\" data-id=\"8258ea7\" data-element_type=\"widget\" data-widget_type=\"image.default\">\n\t\t\t\t<div class=\"elementor-widget-container\">\n\t\t\t<style>\/*! elementor - v3.13.2 - 11-05-2023 *\/\n.elementor-widget-image{text-align:center}.elementor-widget-image a{display:inline-block}.elementor-widget-image a img[src$=\".svg\"]{width:48px}.elementor-widget-image img{vertical-align:middle;display:inline-block}<\/style>\t\t\t\t\t\t\t\t\t\t\t\t<img loading=\"lazy\" decoding=\"async\" width=\"800\" height=\"268\" src=\"https:\/\/bfavre.eleves.mediamatique.ch\/TPI\/wp-content\/uploads\/2023\/05\/separateur-v1-1.svg\" class=\"attachment-large size-large wp-image-414\" alt=\"\" \/>\t\t\t\t\t\t\t\t\t\t\t\t\t\t\t<\/div>\n\t\t\t\t<\/div>\n\t\t\t\t\t<\/div>\n\t\t<\/div>\n\t\t\t\t\t\t\t<\/div>\n\t\t<\/section>\n\t\t\t\t\t\t\t<\/div>\n\t\t","protected":false},"excerpt":{"rendered":"<p>ACTUALIT\u00c9S<\/p>\n","protected":false},"author":1,"featured_media":0,"parent":0,"menu_order":0,"comment_status":"closed","ping_status":"closed","template":"elementor_header_footer","meta":{"footnotes":""},"class_list":["post-305","page","type-page","status-publish","hentry"],"_links":{"self":[{"href":"https:\/\/bfavre.eleves.mediamatique.ch\/TPI\/wp-json\/wp\/v2\/pages\/305","targetHints":{"allow":["GET"]}}],"collection":[{"href":"https:\/\/bfavre.eleves.mediamatique.ch\/TPI\/wp-json\/wp\/v2\/pages"}],"about":[{"href":"https:\/\/bfavre.eleves.mediamatique.ch\/TPI\/wp-json\/wp\/v2\/types\/page"}],"author":[{"embeddable":true,"href":"https:\/\/bfavre.eleves.mediamatique.ch\/TPI\/wp-json\/wp\/v2\/users\/1"}],"replies":[{"embeddable":true,"href":"https:\/\/bfavre.eleves.mediamatique.ch\/TPI\/wp-json\/wp\/v2\/comments?post=305"}],"version-history":[{"count":19,"href":"https:\/\/bfavre.eleves.mediamatique.ch\/TPI\/wp-json\/wp\/v2\/pages\/305\/revisions"}],"predecessor-version":[{"id":957,"href":"https:\/\/bfavre.eleves.mediamatique.ch\/TPI\/wp-json\/wp\/v2\/pages\/305\/revisions\/957"}],"wp:attachment":[{"href":"https:\/\/bfavre.eleves.mediamatique.ch\/TPI\/wp-json\/wp\/v2\/media?parent=305"}],"curies":[{"name":"wp","href":"https:\/\/api.w.org\/{rel}","templated":true}]}}